{"id":2274,"date":"2020-03-10T11:57:36","date_gmt":"2020-03-10T10:57:36","guid":{"rendered":"https:\/\/abylon-conseil.com\/?page_id=27"},"modified":"2020-03-10T11:57:36","modified_gmt":"2020-03-10T10:57:36","slug":"cookies","status":"publish","type":"page","link":"https:\/\/abylon-conseil.com\/abylon-test\/cookies\/","title":{"rendered":"Cookies"},"content":{"rendered":"<div id=\"cookiefirst-policy-page\"><\/div>\n<div>Cette d\u00e9claration de cookie a \u00e9t\u00e9 cr\u00e9\u00e9e et mise \u00e0 jour par <a href=\"https:\/\/cookiefirst.com\">CookieFirst.com<\/a>.<\/div>\n","protected":false},"excerpt":{"rendered":"<p>Cette d\u00e9claration de cookie a \u00e9t\u00e9 cr\u00e9\u00e9e et mise \u00e0 jour par CookieFirst.com.<\/p>\n","protected":false},"author":1,"featured_media":0,"parent":0,"menu_order":0,"comment_status":"closed","ping_status":"closed","template":"page-templates\/fullwidthpage.php","meta":{"_acf_changed":false,"_seopress_robots_primary_cat":"","_seopress_titles_title":"","_seopress_titles_desc":"","_seopress_robots_index":"","footnotes":""},"class_list":["post-2274","page","type-page","status-publish","hentry"],"acf":[],"_links":{"self":[{"href":"https:\/\/abylon-conseil.com\/abylon-test\/wp-json\/wp\/v2\/pages\/2274","targetHints":{"allow":["GET"]}}],"collection":[{"href":"https:\/\/abylon-conseil.com\/abylon-test\/wp-json\/wp\/v2\/pages"}],"about":[{"href":"https:\/\/abylon-conseil.com\/abylon-test\/wp-json\/wp\/v2\/types\/page"}],"author":[{"embeddable":true,"href":"https:\/\/abylon-conseil.com\/abylon-test\/wp-json\/wp\/v2\/users\/1"}],"replies":[{"embeddable":true,"href":"https:\/\/abylon-conseil.com\/abylon-test\/wp-json\/wp\/v2\/comments?post=2274"}],"version-history":[{"count":0,"href":"https:\/\/abylon-conseil.com\/abylon-test\/wp-json\/wp\/v2\/pages\/2274\/revisions"}],"wp:attachment":[{"href":"https:\/\/abylon-conseil.com\/abylon-test\/wp-json\/wp\/v2\/media?parent=2274"}],"curies":[{"name":"wp","href":"https:\/\/api.w.org\/{rel}","templated":true}]}}