{"id":2271,"date":"2020-03-10T11:56:58","date_gmt":"2020-03-10T10:56:58","guid":{"rendered":"https:\/\/abylon-conseil.com\/?page_id=21"},"modified":"2025-04-24T14:12:03","modified_gmt":"2025-04-24T12:12:03","slug":"nous-rejoindre","status":"publish","type":"page","link":"https:\/\/abylon-conseil.com\/abylon-test\/nous-rejoindre\/","title":{"rendered":"Nous rejoindre"},"content":{"rendered":"<p class=\"chapo\">Vous souhaitez <span style=\"color: #ffc107;\">rejoindre une \u00e9quipe dynamique <\/span><span style=\"color: #ffc107;\">?<\/span> Vous disposez d\u2019une exp\u00e9rience dans<span style=\"color: #ffc107;\"> le conseil ?<\/span><\/p>\n<p>Abylon est un cabinet de conseil interne qui accompagne les projets de strat\u00e9gie et de transformation du groupe Veolia et de ses filiales.<br \/>\nNous sommes avant tout un collectif fort d\u2019une cinquantaine de consultants, nous servons le groupe Veolia et sa transformation avec pragmatisme et dynamisme, et participons tous \u00e0 la vie interne du cabinet.<\/p>\n<p>Vous avez d\u00e9j\u00e0 une exp\u00e9rience conseil ? Vous souhaitez rejoindre un cabinet interne au sein d\u2019un grand groupe d&rsquo;environnement et intervenir sur des sujets \u00e0 impact, sur des projets allant de l\u2019op\u00e9rationnel au plus strat\u00e9gique ? <span style=\"color: #ffc107;\">Abylon est fait pour vous !<\/span><\/p>\n<p>Devenez acteur de notre dynamique entrepreneuriale, dans une entreprise reconnue pour son cadre de travail et certifi\u00e9e pour la 3\u00e8me ann\u00e9e cons\u00e9cutive Great Place To Work\u00ae et Best Workplace for Women 2023 : rejoignez-nous !<\/p>\n","protected":false},"excerpt":{"rendered":"<p>Vous souhaitez rejoindre une \u00e9quipe dynamique ? Vous disposez d\u2019une exp\u00e9rience dans le conseil ? [&hellip;]<\/p>\n","protected":false},"author":1,"featured_media":0,"parent":0,"menu_order":0,"comment_status":"closed","ping_status":"closed","template":"page-templates\/nr.php","meta":{"_acf_changed":false,"_seopress_robots_primary_cat":"","_seopress_titles_title":"Vous Souhaitez Rejoindre l'Equipe Innovante d'Abylon?","_seopress_titles_desc":"Rejoignez un grand groupe en int\u00e9grant un cabinet de conseil. Abylon, sp\u00e9cialiste en transformation num\u00e9rique et smart city recrute les acteurs des innovations de demain.","_seopress_robots_index":"","footnotes":""},"class_list":["post-2271","page","type-page","status-publish","hentry"],"acf":[],"_links":{"self":[{"href":"https:\/\/abylon-conseil.com\/abylon-test\/wp-json\/wp\/v2\/pages\/2271","targetHints":{"allow":["GET"]}}],"collection":[{"href":"https:\/\/abylon-conseil.com\/abylon-test\/wp-json\/wp\/v2\/pages"}],"about":[{"href":"https:\/\/abylon-conseil.com\/abylon-test\/wp-json\/wp\/v2\/types\/page"}],"author":[{"embeddable":true,"href":"https:\/\/abylon-conseil.com\/abylon-test\/wp-json\/wp\/v2\/users\/1"}],"replies":[{"embeddable":true,"href":"https:\/\/abylon-conseil.com\/abylon-test\/wp-json\/wp\/v2\/comments?post=2271"}],"version-history":[{"count":11,"href":"https:\/\/abylon-conseil.com\/abylon-test\/wp-json\/wp\/v2\/pages\/2271\/revisions"}],"predecessor-version":[{"id":4396,"href":"https:\/\/abylon-conseil.com\/abylon-test\/wp-json\/wp\/v2\/pages\/2271\/revisions\/4396"}],"wp:attachment":[{"href":"https:\/\/abylon-conseil.com\/abylon-test\/wp-json\/wp\/v2\/media?parent=2271"}],"curies":[{"name":"wp","href":"https:\/\/api.w.org\/{rel}","templated":true}]}}