{"id":2269,"date":"2020-03-10T11:56:32","date_gmt":"2020-03-10T10:56:32","guid":{"rendered":"https:\/\/abylon-conseil.com\/?page_id=17"},"modified":"2023-10-25T14:56:54","modified_gmt":"2023-10-25T12:56:54","slug":"etudes-de-cas","status":"publish","type":"page","link":"https:\/\/abylon-conseil.com\/abylon-test\/etudes-de-cas\/","title":{"rendered":"Etudes de cas"},"content":{"rendered":"<p>Abylon accompagne les projets de transformation des acteurs publics et priv\u00e9s des territoires tels que les m\u00e9tropoles, les intercommunalit\u00e9s, les communes, les acteurs du territoire, ainsi que le groupe Veolia, dont nous faisons partie. Ci-dessous, nous partageons des exemples de missions que nous avons r\u00e9alis\u00e9es dans chacun de nos domaines d&rsquo;expertise :<\/p>\n","protected":false},"excerpt":{"rendered":"<p>Abylon accompagne les projets de transformation des acteurs publics et priv\u00e9s des territoires tels que [&hellip;]<\/p>\n","protected":false},"author":1,"featured_media":0,"parent":0,"menu_order":0,"comment_status":"closed","ping_status":"closed","template":"page-templates\/etudedecas.php","meta":{"_acf_changed":false,"_seopress_robots_primary_cat":"","_seopress_titles_title":"Etude des Missions R\u00e9alis\u00e9es par Abylon aupr\u00e8s des Collectivit\u00e9s.","_seopress_titles_desc":"D\u00e9couvrez des exemples de missions r\u00e9alis\u00e9es par Abylon, sp\u00e9cialiste de la Smart City, aupr\u00e8s de m\u00e9tropoles, communaut\u00e9s d\u2019agglom\u00e9ration, communes ou aupr\u00e8s de directions de clients industriels.","_seopress_robots_index":"","footnotes":""},"class_list":["post-2269","page","type-page","status-publish","hentry"],"acf":[],"_links":{"self":[{"href":"https:\/\/abylon-conseil.com\/abylon-test\/wp-json\/wp\/v2\/pages\/2269","targetHints":{"allow":["GET"]}}],"collection":[{"href":"https:\/\/abylon-conseil.com\/abylon-test\/wp-json\/wp\/v2\/pages"}],"about":[{"href":"https:\/\/abylon-conseil.com\/abylon-test\/wp-json\/wp\/v2\/types\/page"}],"author":[{"embeddable":true,"href":"https:\/\/abylon-conseil.com\/abylon-test\/wp-json\/wp\/v2\/users\/1"}],"replies":[{"embeddable":true,"href":"https:\/\/abylon-conseil.com\/abylon-test\/wp-json\/wp\/v2\/comments?post=2269"}],"version-history":[{"count":0,"href":"https:\/\/abylon-conseil.com\/abylon-test\/wp-json\/wp\/v2\/pages\/2269\/revisions"}],"wp:attachment":[{"href":"https:\/\/abylon-conseil.com\/abylon-test\/wp-json\/wp\/v2\/media?parent=2269"}],"curies":[{"name":"wp","href":"https:\/\/api.w.org\/{rel}","templated":true}]}}