{"id":2267,"date":"2020-03-10T11:56:01","date_gmt":"2020-03-10T10:56:01","guid":{"rendered":"https:\/\/abylon-conseil.com\/?page_id=12"},"modified":"2025-04-24T16:51:22","modified_gmt":"2025-04-24T14:51:22","slug":"nos-offres","status":"publish","type":"page","link":"https:\/\/abylon-conseil.com\/abylon-test\/nos-offres\/","title":{"rendered":"Nos expertises"},"content":{"rendered":"","protected":false},"excerpt":{"rendered":"","protected":false},"author":1,"featured_media":0,"parent":0,"menu_order":0,"comment_status":"closed","ping_status":"closed","template":"page-templates\/offres.php","meta":{"_acf_changed":false,"_seopress_robots_primary_cat":"","_seopress_titles_title":"Les 7 Offres d'Abylon, au Service des Territoires et des Citoyens.","_seopress_titles_desc":"D\u00e9couvrez les offres d'Abylon, socie\u0301te\u0301 de conseil sp\u00e9cialis\u00e9e dans la Smart City, en mati\u00e8re d'innovation et de transformation nume\u0301rique; afin d'accompagner les collectivit\u00e9s dans leurs projets.","_seopress_robots_index":"","footnotes":""},"class_list":["post-2267","page","type-page","status-publish","hentry"],"acf":[],"_links":{"self":[{"href":"https:\/\/abylon-conseil.com\/abylon-test\/wp-json\/wp\/v2\/pages\/2267","targetHints":{"allow":["GET"]}}],"collection":[{"href":"https:\/\/abylon-conseil.com\/abylon-test\/wp-json\/wp\/v2\/pages"}],"about":[{"href":"https:\/\/abylon-conseil.com\/abylon-test\/wp-json\/wp\/v2\/types\/page"}],"author":[{"embeddable":true,"href":"https:\/\/abylon-conseil.com\/abylon-test\/wp-json\/wp\/v2\/users\/1"}],"replies":[{"embeddable":true,"href":"https:\/\/abylon-conseil.com\/abylon-test\/wp-json\/wp\/v2\/comments?post=2267"}],"version-history":[{"count":4,"href":"https:\/\/abylon-conseil.com\/abylon-test\/wp-json\/wp\/v2\/pages\/2267\/revisions"}],"predecessor-version":[{"id":4398,"href":"https:\/\/abylon-conseil.com\/abylon-test\/wp-json\/wp\/v2\/pages\/2267\/revisions\/4398"}],"wp:attachment":[{"href":"https:\/\/abylon-conseil.com\/abylon-test\/wp-json\/wp\/v2\/media?parent=2267"}],"curies":[{"name":"wp","href":"https:\/\/api.w.org\/{rel}","templated":true}]}}